{"id":444,"date":"2024-04-25T09:00:17","date_gmt":"2024-04-25T09:00:17","guid":{"rendered":"https:\/\/viron-scooter.de\/agb\/"},"modified":"2024-06-27T12:45:11","modified_gmt":"2024-06-27T12:45:11","slug":"agb","status":"publish","type":"page","link":"https:\/\/viron-scooter.de\/en\/agb\/","title":{"rendered":"General terms and conditions and cancellation policy"},"content":{"rendered":"\n<p><\/p>\n\n<p>(g\u00fcltig ab dem 09.05.2023)<\/p>\n\n<p>\u00a7 1 Geltungsbereich und Vertragsabschluss<\/p>\n\n<p>1.<br\/>Unsere Lieferungen, Leistungen und Angebote erfolgen ausschlie\u00dflich aufgrund dieser allgemeinen Gesch\u00e4ftsbedingungen in Deutschland.<\/p>\n\n<p>2.<br\/>In Werbeanzeigen und Preisvergleichseiten usw. enthaltene Angebote sind &#8211; auch bez\u00fcglich der Preisangaben &#8211; freibleibend und unverbindlich.<\/p>\n\n<p>3.<br\/>A purchase contract is concluded in one of the ways described below, depending on the type of offer:<\/p>\n\n<p>In the case of online auctions, the contract is concluded at the end of the respective specified term with the customer who has submitted the highest bid &#8211; above the specified minimum price &#8211; by that time, unless we were legally entitled to withdraw the offer and cancel the bids.<\/p>\n\n<p>If we have also provided the item with a fixed price function as part of the online auction, the contract is concluded immediately at the specified fixed price with the customer who exercises the fixed price option, irrespective of the expiry of the term and without further execution of an online auction. In this case, the contract can be concluded at the specified fixed price as long as no bid above the minimum price has been submitted.<\/p>\n\n<p>If we have placed an item exclusively under the fixed price format, we submit a binding offer to conclude a purchase contract at the specified price when the offer page is activated. The customer accepts this offer by using the fixed price function.<\/p>\n\n<p>If we have additionally provided an item listed under the fixed price format with the option for interested parties to make their own price suggestions, the customer can suggest a different price for the item. This suggestion constitutes a new offer that is binding for the interested party and can be accepted by us within 48 hours. If we reject the price proposal but submit a counter-proposal to the customer, this counter-proposal in turn constitutes a binding offer and can in turn be accepted by the customer within 48 hours. In this case, the original offer to purchase at a fixed price remains valid until a contract is concluded at the proposed price.<\/p>\n\n<p>\u00a7 2 Terms of delivery<\/p>\n\n<p>1.<br\/>The goods will be delivered by DHL or a comparable provider. The shipping costs incurred are stated in the offer and are to be borne by the buyer.<\/p>\n\n<p> 2.<br\/>The buyer shall bear the costs of a further delivery as well as the costs of the necessary storage of the purchased item if we have offered him the service in a manner justifying default of acceptance. He shall also bear the costs arising from the fact that he culpably impedes delivery by providing an incorrect address.<\/p>\n\n<p>3.<br\/>Kommt unser Vorlieferant trotz vorherigen Abschlusses eines entsprechenden verbindlichen Einkaufsvertrags seiner Lieferpflicht nicht oder nicht rechtzeitig nach, so k\u00f6nnen wir vom Vertrag zur\u00fccktreten. Wir werden den Kunden unverz\u00fcglich \u00fcber die Nichtverf\u00fcgbarkeit informieren. Im Fall des R\u00fccktritts werden wir dem Kunden bereits erbrachte Gegenleistungen unverz\u00fcglich erstatten.<\/p>\n\n<p>4.<br\/>Der K\u00e4ufer wird uns nach besten Kr\u00e4ften unterst\u00fctzen, wenn und soweit Anspr\u00fcche wegen Verlust oder Besch\u00e4digung gegen\u00fcber dem betreffenden Transportunternehmen oder der betreffenden Transportversicherung in Betracht kommen. Insbesondere wird der K\u00e4ufer \u00e4u\u00dferlich erkennbare Transportsch\u00e4den bei Annahme der Lieferung auf den jeweiligen Versanddokumenten vermerken und sich diesen Vermerk vom Zusteller quittieren lassen. \u00c4u\u00dferlich nicht zu erkennende Verluste oder Besch\u00e4digungen wird der K\u00e4ufer uns gegen\u00fcber unverz\u00fcglich anzeigen. Etwaige Rechte und Anspr\u00fcche des K\u00e4ufers, insbesondere dessen Gew\u00e4hrleistungsrechte nach \u00a7 4 dieser AGB, bleiben von dieser Regelung unber\u00fchrt.<\/p>\n\n<p>5.<br\/>Bestellung\/Kauf von Photovoltaik-Anlagen, sowie deren wesentliche Komponenten und Voraussetzungen gem\u00e4\u00df \u00a7 12 Abs. 3 UStG<\/p>\n\n<p>5.1 Es gelten die Preise zum Zeitpunkt des Vertragsschlusses. Preise sind Endpreise in EURO. Die Lieferung von Photovoltaikanlagen, sowie deren wesentliche Komponenten unterliegt dem Nullsteuersatz (0 % USt) nach \u00a7 12 Abs. 3 UStG. Die gesetzlich geschuldete Umsatzsteuer betr\u00e4gt somit 0%, wenn der Kunde die angebotenen Produkte mit Lieferort innerhalb Deutschlands bestellt.<\/p>\n\n<p>5.2. Mit Erwerb der Gegenst\u00e4nde best\u00e4tigt der Kunde Folgendes:<\/p>\n\n<p>5.2.1 Der Kunde ist Betreiber der Photovoltaikanlage. Die Photovoltaik-Anlage sowie einzelne Komponenten davon werden weder entgeltlich noch unentgeltlich weitergeliefert.<\/p>\n\n<p>5.2.2 Eine von beiden Voraussetzungen ist erf\u00fcllt:<br\/>\u2022 Die Photovoltaik-Anlage wird auf Dauer auf oder in der N\u00e4he eines zu Wohn- oder zu \u00f6ffentlichen Zwecken genutzten Geb\u00e4udes, bzw. es handelt sich um ein Geb\u00e4ude, welches f\u00fcr anderen dem Gemeinwohl dienenden T\u00e4tigkeiten genutzt wird, aufgestellt.<br\/>oder<br\/>\u2022 Unabh\u00e4ngig der Geb\u00e4udeart die installierte Bruttoleistung \u2264 30 kW (peak) laut MaStR betr\u00e4gt und eine Eintragung in das MaStR tats\u00e4chlich erfolgt. In diesem Fall ist ein Nachweis der Eintragung auszuh\u00e4ndigen. Soweit bereits Photovoltaik-Anlagen vorliegen, darf die Bruttoleistung der kompletten Photovoltaik-Anlage nicht 30 kW (peak) \u00fcberschreiten (bei Erweiterung ist die Leistung mit bestehender Photovoltaik-Anlage zu addieren). Sofern die Leistung der Anlage insgesamt mehr als 30 kW (peak) betr\u00e4gt, best\u00e4tigt der Erwerber, dass die Anlage auf einem beg\u00fcnstigten Geb\u00e4ude (Nutzung zu den im obigen Spiegelstrich genannten Zwecken betr\u00e4gt fl\u00e4chenm\u00e4\u00dfig mehr als 10% zu Gesamtnutzfl\u00e4che des Geb\u00e4udes) aufgestellt wird.<\/p>\n\n<p>5.2.3 If individual solar modules or components essential for operation are purchased separately, the customer confirms that these are intended for a photovoltaic system that fulfills the requirements of 5.2.2. Furthermore, it is confirmed that the customer is the operator of the system for which the items are intended.<\/p>\n\n<p>5.3 Der Kunde nimmt alle Angaben im Bestellvorgang bewusst zur Kenntnis und best\u00e4tigt mit dem Abschluss der Bestellung, dass die Voraussetzungen f\u00fcr den Null-Steuersatz erf\u00fcllt sind.<\/p>\n\n<p>5.3 The customer consciously acknowledges all specifications in the ordering process and confirms by completing the order that the requirements for the zero tax rate are met.<\/p>\n\n<p>5.4 The Client shall be entitled to subsequently invoice the Customer for additional VAT claims and any related ancillary services of the tax office arising from the delivery if the agreed conditions subsequently prove to be incorrect.<\/p>\n\n<p> \u00a7 3 Method of payment<\/p>\n\n<p>1.<br\/>The purchase price is to be paid in advance by Paypal or bank transfer.<\/p>\n\n<p>2.<br\/>The buyer is in default of payment if he does not pay the purchase price including packaging and shipping costs within 14 days of conclusion of the contract. A further reminder from us is not required in this respect. Default of payment has the statutory consequences, in particular the obligation to pay damages and interest.<\/p>\n\n<p>\u00a7 4 Warranty<\/p>\n\n<p>1.<br\/>In the event of a defect in the goods delivered by us, we shall be entitled to rectify the defect or make a replacement delivery.<\/p>\n\n<p>2.<br\/>If the rectification or replacement delivery fails, the buyer may, at his discretion, reduce the purchase price or withdraw from the purchase contract. Claims for damages in accordance with \u00a7 5 remain unaffected by this.<\/p>\n\n<p>3.<br\/>In the case of used goods, the limitation period for customer claims arising from the warranty for defects is one year from delivery.<\/p>\n\n<p>4.<br\/>If the buyer is an entrepreneur within the meaning of \u00a7 14 BGB, a legal entity under public law or a special fund under public law, the following special features shall apply:<\/p>\n\n<p>a)<br\/>The warranty with regard to obvious defects is excluded if these are not reported in writing within a period of two weeks from receipt of the goods. The regulation of \u00a7 377 HGB remains unaffected by this.<\/p>\n\n<p>b)<br\/>We shall be entitled to choose between the types of subsequent performance.<\/p>\n\n<p>c)<br\/>Shipping costs within the scope of subsequent performance as well as the costs for the replacement of defective parts shall be borne by the buyer in this case, insofar as their amount is insignificant in comparison to the value of the subsequent performance.<\/p>\n\n<p>d)<br\/>The limitation period for claims for defects is one year.<\/p>\n\n<p>e)<br\/>When used items are sold, the warranty rights are excluded in their entirety. This shall not affect our liability in accordance with \u00a7 5 and recourse claims in accordance with \u00a7\u00a7 478 et seq. BGB.<\/p>\n\n<p> \u00a7 5 Liability<\/p>\n\n<p>1. <br\/>Our liability is excluded.<\/p>\n\n<p>2.<br\/>The exclusion of liability pursuant to paragraph 1 shall not apply to damages caused by culpable breach of a material contractual obligation in a manner that jeopardizes the achievement of the purpose of the contract. Essential contractual obligations are those obligations whose fulfillment is essential for the proper execution of the contract and on whose compliance the contractual partner regularly relies and may rely. However, liability is limited to the damage typical for the contract, the occurrence of which each contracting party had to expect based on the circumstances known to it at the time.<\/p>\n\n<p>2.<br\/>The exclusion of liability according to paragraph 1 does not apply to damages resulting from injury to life, body or health, which are based on a negligent breach of duty on our part or on the part of our legal representatives or vicarious agents.<\/p>\n\n<p>3.<br\/>The exclusion of liability according to paragraph 1 does not apply to damages that are based on a grossly negligent breach of duty on our part or on an intentional or grossly negligent breach of duty by our legal representatives or vicarious agents<\/p>\n\n<p><br\/>The exclusion of liability according to paragraph 1 does not apply to claims arising from the Product Liability Act.<\/p>\n\n<p>5.<br\/>Insofar as our liability is excluded or limited, this shall also apply to the liability of our legal representatives, employees and vicarious agents.<\/p>\n\n<p>6.<br\/>Insofar as we have given a guarantee for the quality or durability of the goods delivered by us, the content of this guarantee shall not be affected by the above limitation of liability.<\/p>\n\n<p> \u00a7 6 Retention of title<\/p>\n\n<p> 1.<br\/>The goods shall remain the property of the seller until settlement of the claims to which the seller is entitled under the purchase contract.<\/p>\n\n<p>2.<br\/>If the buyer is a legal entity under public law, a special fund under public law or an entrepreneur in accordance with \u00a7 14 BGB, for whom the contract is part of the operation of his commercial business, the following applies:<\/p>\n\n<p>The retention of title extends to all claims that the seller has against the buyer from its current business relationships. Treatment and processing shall take place to the exclusion of the acquisition of ownership in accordance with \u00a7 950 BGB. The processed goods shall then serve as security in the amount of the invoice value of the processed goods subject to retention of title. If the goods are resold, the buyer assigns any resulting claims to the seller. The assigned claim serves as security for the purchase price claim, in the case of a current account the balance claim, in the amount of the invoice value of the goods sold.<\/p>\n\n<p>At the buyer&#8217;s request, the seller shall in this case be obliged to waive the retention of title if the buyer has fulfilled all claims in connection with the object of purchase and there is adequate security for the remaining claims from the ongoing business relationship.<\/p>\n\n<p>7 Prohibition of assignment, offsetting<\/p>\n\n<p>Rights arising from transactions with us, in particular warranty claims, are not transferable<\/p>\n\n<p>2.<br\/>The customer shall only have a right of set-off if his counterclaims have been legally established, are undisputed or ready for decision.<\/p>\n\n<p>\u00a7 8 Final provisions<\/p>\n\n<p>1.<br\/>If individual provisions are invalid, this shall not affect the validity of the remaining provisions. In this case, the contracting parties shall endeavor to replace the invalid provision with a provision that comes as close as possible in economic and legal terms to what the parties intended with the original provision. This also applies to any loopholes in the contract.<\/p>\n\n<p>2.<br\/>&gt;If the buyer is a merchant, a legal entity under public law or a special fund under public law, the place of performance shall be Berlin and the place of jurisdiction shall be determined by our registered office. This shall also apply if the buyer &#8211; without necessarily being a merchant &#8211; has no general place of jurisdiction in Germany, if the buyer moves his domicile or habitual residence outside the area of application of the ZPO after conclusion of the contract or if his domicile or habitual residence is not known at the time the action is filed. The places of jurisdiction thus established shall be exclusively for actions against us.<\/p>\n","protected":false},"excerpt":{"rendered":"<p>(g\u00fcltig ab dem 09.05.2023) \u00a7 1 Geltungsbereich und Vertragsabschluss 1.Unsere Lieferungen, Leistungen und Angebote erfolgen ausschlie\u00dflich aufgrund dieser allgemeinen Gesch\u00e4ftsbedingungen in Deutschland. 2.In Werbeanzeigen und Preisvergleichseiten usw. enthaltene Angebote sind &#8211; auch bez\u00fcglich der Preisangaben &#8211; freibleibend und unverbindlich. 3.A purchase contract is concluded in one of the ways described below, depending on the type [&hellip;]<\/p>\n","protected":false},"author":2,"featured_media":0,"parent":0,"menu_order":0,"comment_status":"closed","ping_status":"closed","template":"","meta":{"_acf_changed":false,"om_disable_all_campaigns":false,"_monsterinsights_skip_tracking":false,"_monsterinsights_sitenote_active":false,"_monsterinsights_sitenote_note":"","_monsterinsights_sitenote_category":0,"_uf_show_specific_survey":0,"_uf_disable_surveys":false,"footnotes":""},"class_list":["post-444","page","type-page","status-publish","hentry"],"acf":[],"yoast_head":"<!-- This site is optimized with the Yoast SEO Premium plugin v24.9 (Yoast SEO v27.1.1) - https:\/\/yoast.com\/product\/yoast-seo-premium-wordpress\/ -->\n<title>General terms and conditions and cancellation policy - Viron<\/title>\n<meta name=\"robots\" content=\"index, follow, max-snippet:-1, max-image-preview:large, max-video-preview:-1\" \/>\n<link rel=\"canonical\" href=\"https:\/\/viron-scooter.de\/en\/agb\/\" \/>\n<meta property=\"og:locale\" content=\"en_US\" \/>\n<meta property=\"og:type\" content=\"article\" \/>\n<meta property=\"og:title\" content=\"General terms and conditions and cancellation policy\" \/>\n<meta property=\"og:description\" content=\"(g\u00fcltig ab dem 09.05.2023) \u00a7 1 Geltungsbereich und Vertragsabschluss 1.Unsere Lieferungen, Leistungen und Angebote erfolgen ausschlie\u00dflich aufgrund dieser allgemeinen Gesch\u00e4ftsbedingungen in Deutschland. 2.In Werbeanzeigen und Preisvergleichseiten usw. enthaltene Angebote sind &#8211; auch bez\u00fcglich der Preisangaben &#8211; freibleibend und unverbindlich. 3.A purchase contract is concluded in one of the ways described below, depending on the type [&hellip;]\" \/>\n<meta property=\"og:url\" content=\"https:\/\/viron-scooter.de\/en\/agb\/\" \/>\n<meta property=\"og:site_name\" content=\"Viron\" \/>\n<meta property=\"article:modified_time\" content=\"2024-06-27T12:45:11+00:00\" \/>\n<meta name=\"twitter:card\" content=\"summary_large_image\" \/>\n<meta name=\"twitter:label1\" content=\"Est. reading time\" \/>\n\t<meta name=\"twitter:data1\" content=\"10 minutes\" \/>\n<script type=\"application\/ld+json\" class=\"yoast-schema-graph\">{\"@context\":\"https:\/\/schema.org\",\"@graph\":[{\"@type\":\"WebPage\",\"@id\":\"https:\/\/viron-scooter.de\/en\/agb\/\",\"url\":\"https:\/\/viron-scooter.de\/en\/agb\/\",\"name\":\"General terms and conditions and cancellation policy - Viron\",\"isPartOf\":{\"@id\":\"https:\/\/viron-scooter.de\/#website\"},\"datePublished\":\"2024-04-25T09:00:17+00:00\",\"dateModified\":\"2024-06-27T12:45:11+00:00\",\"breadcrumb\":{\"@id\":\"https:\/\/viron-scooter.de\/en\/agb\/#breadcrumb\"},\"inLanguage\":\"en-US\",\"potentialAction\":[{\"@type\":\"ReadAction\",\"target\":[\"https:\/\/viron-scooter.de\/en\/agb\/\"]}]},{\"@type\":\"BreadcrumbList\",\"@id\":\"https:\/\/viron-scooter.de\/en\/agb\/#breadcrumb\",\"itemListElement\":[{\"@type\":\"ListItem\",\"position\":1,\"name\":\"Startseite\",\"item\":\"https:\/\/viron-scooter.de\/en\/\"},{\"@type\":\"ListItem\",\"position\":2,\"name\":\"General terms and conditions and cancellation policy\"}]},{\"@type\":\"WebSite\",\"@id\":\"https:\/\/viron-scooter.de\/#website\",\"url\":\"https:\/\/viron-scooter.de\/\",\"name\":\"Viron-Scooter\",\"description\":\"\",\"publisher\":{\"@id\":\"https:\/\/viron-scooter.de\/#organization\"},\"potentialAction\":[{\"@type\":\"SearchAction\",\"target\":{\"@type\":\"EntryPoint\",\"urlTemplate\":\"https:\/\/viron-scooter.de\/?s={search_term_string}\"},\"query-input\":{\"@type\":\"PropertyValueSpecification\",\"valueRequired\":true,\"valueName\":\"search_term_string\"}}],\"inLanguage\":\"en-US\"},{\"@type\":\"Organization\",\"@id\":\"https:\/\/viron-scooter.de\/#organization\",\"name\":\"Viron-Scooter\",\"url\":\"https:\/\/viron-scooter.de\/\",\"logo\":{\"@type\":\"ImageObject\",\"inLanguage\":\"en-US\",\"@id\":\"https:\/\/viron-scooter.de\/#\/schema\/logo\/image\/\",\"url\":\"https:\/\/viron-scooter.de\/wp-content\/uploads\/2024\/06\/Viron-banner.png\",\"contentUrl\":\"https:\/\/viron-scooter.de\/wp-content\/uploads\/2024\/06\/Viron-banner.png\",\"width\":2500,\"height\":417,\"caption\":\"Viron-Scooter\"},\"image\":{\"@id\":\"https:\/\/viron-scooter.de\/#\/schema\/logo\/image\/\"}}]}<\/script>\n<!-- \/ Yoast SEO Premium plugin. -->","yoast_head_json":{"title":"General terms and conditions and cancellation policy - Viron","robots":{"index":"index","follow":"follow","max-snippet":"max-snippet:-1","max-image-preview":"max-image-preview:large","max-video-preview":"max-video-preview:-1"},"canonical":"https:\/\/viron-scooter.de\/en\/agb\/","og_locale":"en_US","og_type":"article","og_title":"General terms and conditions and cancellation policy","og_description":"(g\u00fcltig ab dem 09.05.2023) \u00a7 1 Geltungsbereich und Vertragsabschluss 1.Unsere Lieferungen, Leistungen und Angebote erfolgen ausschlie\u00dflich aufgrund dieser allgemeinen Gesch\u00e4ftsbedingungen in Deutschland. 2.In Werbeanzeigen und Preisvergleichseiten usw. enthaltene Angebote sind &#8211; auch bez\u00fcglich der Preisangaben &#8211; freibleibend und unverbindlich. 3.A purchase contract is concluded in one of the ways described below, depending on the type [&hellip;]","og_url":"https:\/\/viron-scooter.de\/en\/agb\/","og_site_name":"Viron","article_modified_time":"2024-06-27T12:45:11+00:00","twitter_card":"summary_large_image","twitter_misc":{"Est. reading time":"10 minutes"},"schema":{"@context":"https:\/\/schema.org","@graph":[{"@type":"WebPage","@id":"https:\/\/viron-scooter.de\/en\/agb\/","url":"https:\/\/viron-scooter.de\/en\/agb\/","name":"General terms and conditions and cancellation policy - Viron","isPartOf":{"@id":"https:\/\/viron-scooter.de\/#website"},"datePublished":"2024-04-25T09:00:17+00:00","dateModified":"2024-06-27T12:45:11+00:00","breadcrumb":{"@id":"https:\/\/viron-scooter.de\/en\/agb\/#breadcrumb"},"inLanguage":"en-US","potentialAction":[{"@type":"ReadAction","target":["https:\/\/viron-scooter.de\/en\/agb\/"]}]},{"@type":"BreadcrumbList","@id":"https:\/\/viron-scooter.de\/en\/agb\/#breadcrumb","itemListElement":[{"@type":"ListItem","position":1,"name":"Startseite","item":"https:\/\/viron-scooter.de\/en\/"},{"@type":"ListItem","position":2,"name":"General terms and conditions and cancellation policy"}]},{"@type":"WebSite","@id":"https:\/\/viron-scooter.de\/#website","url":"https:\/\/viron-scooter.de\/","name":"Viron-Scooter","description":"","publisher":{"@id":"https:\/\/viron-scooter.de\/#organization"},"potentialAction":[{"@type":"SearchAction","target":{"@type":"EntryPoint","urlTemplate":"https:\/\/viron-scooter.de\/?s={search_term_string}"},"query-input":{"@type":"PropertyValueSpecification","valueRequired":true,"valueName":"search_term_string"}}],"inLanguage":"en-US"},{"@type":"Organization","@id":"https:\/\/viron-scooter.de\/#organization","name":"Viron-Scooter","url":"https:\/\/viron-scooter.de\/","logo":{"@type":"ImageObject","inLanguage":"en-US","@id":"https:\/\/viron-scooter.de\/#\/schema\/logo\/image\/","url":"https:\/\/viron-scooter.de\/wp-content\/uploads\/2024\/06\/Viron-banner.png","contentUrl":"https:\/\/viron-scooter.de\/wp-content\/uploads\/2024\/06\/Viron-banner.png","width":2500,"height":417,"caption":"Viron-Scooter"},"image":{"@id":"https:\/\/viron-scooter.de\/#\/schema\/logo\/image\/"}}]}},"_links":{"self":[{"href":"https:\/\/viron-scooter.de\/en\/wp-json\/wp\/v2\/pages\/444","targetHints":{"allow":["GET"]}}],"collection":[{"href":"https:\/\/viron-scooter.de\/en\/wp-json\/wp\/v2\/pages"}],"about":[{"href":"https:\/\/viron-scooter.de\/en\/wp-json\/wp\/v2\/types\/page"}],"author":[{"embeddable":true,"href":"https:\/\/viron-scooter.de\/en\/wp-json\/wp\/v2\/users\/2"}],"replies":[{"embeddable":true,"href":"https:\/\/viron-scooter.de\/en\/wp-json\/wp\/v2\/comments?post=444"}],"version-history":[{"count":45,"href":"https:\/\/viron-scooter.de\/en\/wp-json\/wp\/v2\/pages\/444\/revisions"}],"predecessor-version":[{"id":642,"href":"https:\/\/viron-scooter.de\/en\/wp-json\/wp\/v2\/pages\/444\/revisions\/642"}],"wp:attachment":[{"href":"https:\/\/viron-scooter.de\/en\/wp-json\/wp\/v2\/media?parent=444"}],"curies":[{"name":"wp","href":"https:\/\/api.w.org\/{rel}","templated":true}]}}